{"id":57,"date":"2021-02-23T09:22:24","date_gmt":"2021-02-23T08:22:24","guid":{"rendered":"http:\/\/engineering.uwc-group.de\/?page_id=57"},"modified":"2021-02-23T10:30:44","modified_gmt":"2021-02-23T09:30:44","slug":"service","status":"publish","type":"page","link":"http:\/\/engineering.uwc-group.de\/?page_id=57","title":{"rendered":"Service"},"content":{"rendered":"\n<p>Wir bieten ma\u00dfgeschneiderte Serviceangebote f\u00fcr Ihre Maschine.<\/p>\n\n\n\n<h2 class=\"wp-block-heading\">Wartungsangebot<\/h2>\n\n\n\n<ul class=\"wp-block-list\"><li>Funktionspr\u00fcfung aller elektrischen &amp; mechanischen Einrichtungen<\/li><li>Datensicherung &amp; Archivierung<\/li><li>\u00dcberpr\u00fcfung der Hydraulik &amp; Aggregate<\/li><li>\u00dcberpr\u00fcfung &amp; Austausch von Verschlei\u00dfteilen<\/li><\/ul>\n\n\n\n<h2 class=\"wp-block-heading\">Maschinengeometrie<\/h2>\n\n\n\n<ul class=\"wp-block-list\"><li>\u00dcberpr\u00fcfung &amp; Herstellung der Maschinengeometrie<\/li><li>\u00dcberpr\u00fcfung &amp; Herstellung der Kopfgeometrie<\/li><li>Vermessung der Kopfgeometrie<\/li><li>Laservermessung der Maschine<\/li><\/ul>\n\n\n\n<h2 class=\"wp-block-heading\">Ersatzteile<\/h2>\n\n\n\n<ul class=\"wp-block-list\"><li>Bereitstellung &amp; Vorhalten von Ersatzteilen<\/li><\/ul>\n","protected":false},"excerpt":{"rendered":"<p>Wir bieten ma\u00dfgeschneiderte Serviceangebote f\u00fcr Ihre Maschine. Wartungsangebot Funktionspr\u00fcfung aller elektrischen &amp; mechanischen Einrichtungen Datensicherung &amp; Archivierung \u00dcberpr\u00fcfung der Hydraulik &amp; Aggregate \u00dcberpr\u00fcfung &amp; Austausch von Verschlei\u00dfteilen Maschinengeometrie \u00dcberpr\u00fcfung &amp; Herstellung der Maschinengeometrie \u00dcberpr\u00fcfung &amp; Herstellung der Kopfgeometrie Vermessung der Kopfgeometrie Laservermessung der Maschine Ersatzteile Bereitstellung &amp; Vorhalten von Ersatzteilen<\/p>\n","protected":false},"author":1,"featured_media":0,"parent":0,"menu_order":0,"comment_status":"closed","ping_status":"closed","template":"","meta":{"footnotes":""},"class_list":["post-57","page","type-page","status-publish","hentry"],"_links":{"self":[{"href":"http:\/\/engineering.uwc-group.de\/index.php?rest_route=\/wp\/v2\/pages\/57","targetHints":{"allow":["GET"]}}],"collection":[{"href":"http:\/\/engineering.uwc-group.de\/index.php?rest_route=\/wp\/v2\/pages"}],"about":[{"href":"http:\/\/engineering.uwc-group.de\/index.php?rest_route=\/wp\/v2\/types\/page"}],"author":[{"embeddable":true,"href":"http:\/\/engineering.uwc-group.de\/index.php?rest_route=\/wp\/v2\/users\/1"}],"replies":[{"embeddable":true,"href":"http:\/\/engineering.uwc-group.de\/index.php?rest_route=%2Fwp%2Fv2%2Fcomments&post=57"}],"version-history":[{"count":2,"href":"http:\/\/engineering.uwc-group.de\/index.php?rest_route=\/wp\/v2\/pages\/57\/revisions"}],"predecessor-version":[{"id":79,"href":"http:\/\/engineering.uwc-group.de\/index.php?rest_route=\/wp\/v2\/pages\/57\/revisions\/79"}],"wp:attachment":[{"href":"http:\/\/engineering.uwc-group.de\/index.php?rest_route=%2Fwp%2Fv2%2Fmedia&parent=57"}],"curies":[{"name":"wp","href":"https:\/\/api.w.org\/{rel}","templated":true}]}}